{"id":20,"date":"2024-01-02T15:37:06","date_gmt":"2024-01-02T12:37:06","guid":{"rendered":"https:\/\/yogunbakim2024.org\/?page_id=20"},"modified":"2025-02-05T10:29:57","modified_gmt":"2025-02-05T07:29:57","slug":"tuyud-20-ulusal-kongresi-2024","status":"publish","type":"page","link":"https:\/\/yogunbakim2024.org\/en\/","title":{"rendered":"T\u00dcYUD 20. Ulusal Kongresi 2024"},"content":{"rendered":"<div data-elementor-type=\"wp-page\" data-elementor-id=\"20\" class=\"elementor elementor-20\">\n\t\t\t\t<div class=\"elementor-element elementor-element-3985cda e-con-full e-flex e-con e-parent\" data-id=\"3985cda\" data-element_type=\"container\">\n\t\t\t\t<\/div>\n\t\t<div class=\"elementor-element elementor-element-7b46efe e-con-full e-flex e-con e-parent\" data-id=\"7b46efe\" data-element_type=\"container\" data-settings=\"{&quot;background_background&quot;:&quot;classic&quot;}\">\n\t\t\t\t<div class=\"elementor-element elementor-element-c4d4e99 elementor-absolute e-transform elementor-hidden-desktop elementor-hidden-tablet elementor-hidden-mobile elementor-widget elementor-widget-html\" data-id=\"c4d4e99\" data-element_type=\"widget\" data-settings=\"{&quot;_position&quot;:&quot;absolute&quot;,&quot;_transform_translateX_effect&quot;:{&quot;unit&quot;:&quot;px&quot;,&quot;size&quot;:0,&quot;sizes&quot;:[]},&quot;_transform_translateY_effect&quot;:{&quot;unit&quot;:&quot;px&quot;,&quot;size&quot;:0,&quot;sizes&quot;:[]},&quot;_transform_translateX_effect_tablet&quot;:{&quot;unit&quot;:&quot;px&quot;,&quot;size&quot;:&quot;&quot;,&quot;sizes&quot;:[]},&quot;_transform_translateX_effect_mobile&quot;:{&quot;unit&quot;:&quot;px&quot;,&quot;size&quot;:&quot;&quot;,&quot;sizes&quot;:[]},&quot;_transform_translateY_effect_tablet&quot;:{&quot;unit&quot;:&quot;px&quot;,&quot;size&quot;:&quot;&quot;,&quot;sizes&quot;:[]},&quot;_transform_translateY_effect_mobile&quot;:{&quot;unit&quot;:&quot;px&quot;,&quot;size&quot;:&quot;&quot;,&quot;sizes&quot;:[]}}\" data-widget_type=\"html.default\">\n\t\t\t\t<div class=\"elementor-widget-container\">\n\t\t\t\t\t<link rel=\"stylesheet\" href=\"https:\/\/cdn.jsdelivr.net\/npm\/add-to-calendar-button@1\/assets\/css\/atcb.min.css\">\r\n<script src=\"https:\/\/cdn.jsdelivr.net\/npm\/add-to-calendar-button@1\" async defer><\/script>\r\n<div class=\"atcb\" style=\"display:none;\">\r\n  {\r\n    \"name\":\"T\u00fcrk Yo\u011fun Bak\u0131m Uzmanlar\u0131 Derne\u011fi 20. Ulusal Kongresi ve 12. Afrika-Avrasya Toplant\u0131s\u0131\",\r\n    \"description\":\"November 21-24, 2024 \/ Antalya\",\r\n    \"startDate\":\"2024-11-21\",\r\n    \"endDate\":\"2024-11-24\",\r\n    \"startTime\":\"09:00\",\r\n    \"endTime\":\"18:00\",\r\n    \"location\":\"Antalya Juju Premier Palace Hotel\",\r\n    \"label\":\"Takviminize Ekleyin\",\r\n    \"options\":[\r\n      \"Apple\",\r\n      \"Google\",\r\n      \"iCal\",\r\n      \"Microsoft365\",\r\n      \"MicrosoftTeams\",\r\n      \"Outlook.com\",\r\n      \"Yahoo\"\r\n    ],\r\n    \"timeZone\":\"Europe\/Berlin\",\r\n    \"trigger\":\"click\",\r\n    \"inline\":true,\r\n    \"listStyle\":\"modal\",\r\n    \"iCalFileName\":\"Reminder-Event\"\r\n  }\r\n<\/div>\t\t\t\t<\/div>\n\t\t\t\t<\/div>\n\t\t<div class=\"elementor-element elementor-element-5f2ddad e-flex e-con-boxed e-con e-child\" data-id=\"5f2ddad\" data-element_type=\"container\">\n\t\t\t\t\t<div class=\"e-con-inner\">\n\t\t\t\t\t<\/div>\n\t\t\t\t<\/div>\n\t\t<div class=\"elementor-element elementor-element-4f1f455 e-flex e-con-boxed e-con e-child\" data-id=\"4f1f455\" data-element_type=\"container\">\n\t\t\t\t\t<div class=\"e-con-inner\">\n\t\t\t\t<div class=\"elementor-element elementor-element-e54307e elementor-widget elementor-widget-heading\" data-id=\"e54307e\" data-element_type=\"widget\" data-widget_type=\"heading.default\">\n\t\t\t\t<div class=\"elementor-widget-container\">\n\t\t\t\t\t<h2 class=\"elementor-heading-title elementor-size-default\">Invitation<\/h2>\t\t\t\t<\/div>\n\t\t\t\t<\/div>\n\t\t\t\t<div class=\"elementor-element elementor-element-e3e621f elementor-widget elementor-widget-text-editor\" data-id=\"e3e621f\" data-element_type=\"widget\" data-widget_type=\"text-editor.default\">\n\t\t\t\t<div class=\"elementor-widget-container\">\n\t\t\t\t\t\t\t\t\t<p><\/p>\n<p>Dear Colleagues,<\/p>\n<p><\/p>\n<p>On behalf of the organising committee, I am delighted to invite you to the 20th National Congress and the 12th Afro-Eurasia Intensive Care Meeting of the Society of Turkish Intensivists, scheduled to take place on November 21-24, 2024, at the Antalya Juju Premier Palas Hotel.<\/p>\n<p><\/p>\n<p>In this year's congress, we aim to bring together the latest developments in intensive care, innovative approaches, and global experiences. Your participation would be greatly valued.<\/p>\n<p><\/p>\n<p>Established on March 8th, 2005, the Society of Turkish Intensivists has been dedicated to advancing and strengthening both the institutional structure of intensive care science and the education and experiences of intensive care workers, contributing significantly to the quality of care for intensive care patients through the congresses it has organised since its inception.<\/p>\n<p><\/p>\n<p>Our congress will feature presentations by leading experts, interactive workshops, poster presentations, and networking opportunities. It will serve as a platform for sharing valuable insights on topics such as the transformation of intensive care, new treatment protocols, and future visions.<\/p>\n<p><\/p>\n<p>During this congress, we will have the opportunity to meet with experienced experts on the international stage, enhance our professional interactions among professionals, and engage in discussions about the future of intensive care.<\/p>\n<p><\/p>\n<p>We would be honoured to have you, our esteemed colleagues, join us at this exciting congress.<\/p>\n<p><\/p>\n<p>For detailed information and registration, please visit our official website. We hope to welcome you to Antalya from November 21st to November 24th, 2024, for an unforgettable congress experience.<\/p>\n<p><\/p>\n<p>Yours sincerely,<\/p>\n<p><\/p>\n<p><strong>Dr Emel Ery\u00fcksel<\/strong><br \/>Chairman of the 20th Annual Congress of Society of Turkish Intensivists &amp; 12th Afro - Eurasia Meeting\u00a0\u00a0\u00a0\u00a0\u00a0\u00a0\u00a0\u00a0\u00a0\u00a0\u00a0\u00a0\u00a0\u00a0\u00a0\u00a0\u00a0\u00a0\u00a0\u00a0\u00a0\u00a0\u00a0\u00a0\u00a0\u00a0\u00a0<\/p>\n<p><\/p>\n<p><strong>Dr Leyla Ferli\u00e7olak &amp; Dr Kamil \u0130nci &amp; Dr Recep Civan Y\u00fcksel<\/strong><br \/>Congress Organization Committee<\/p>\n<p><\/p>\t\t\t\t\t\t\t\t<\/div>\n\t\t\t\t<\/div>\n\t\t\t\t\t<\/div>\n\t\t\t\t<\/div>\n\t\t\t\t<\/div>\n\t\t<div class=\"elementor-element elementor-element-bc6827d e-flex e-con-boxed e-con e-parent\" data-id=\"bc6827d\" data-element_type=\"container\" data-settings=\"{&quot;background_background&quot;:&quot;gradient&quot;}\">\n\t\t\t\t\t<div class=\"e-con-inner\">\n\t\t\t\t<div class=\"elementor-element elementor-element-629a6bf elementor-widget elementor-widget-heading\" data-id=\"629a6bf\" data-element_type=\"widget\" data-widget_type=\"heading.default\">\n\t\t\t\t<div class=\"elementor-widget-container\">\n\t\t\t\t\t<h2 class=\"elementor-heading-title elementor-size-default\">Important Dates<\/h2>\t\t\t\t<\/div>\n\t\t\t\t<\/div>\n\t\t\t\t<div class=\"elementor-element elementor-element-52d22cb elementor-widget elementor-widget-text-editor\" data-id=\"52d22cb\" data-element_type=\"widget\" data-widget_type=\"text-editor.default\">\n\t\t\t\t<div class=\"elementor-widget-container\">\n\t\t\t\t\t\t\t\t\t<div id=\"block-8\" class=\"ct-widget widget_block widget_text\">\n<div id=\"block-8\" class=\"ct-widget widget_block widget_text\">\n<p style=\"text-align: center;\"><strong>Abstract Submission Start Date:<\/strong><br \/>15 March 2024<\/p>\n<p style=\"text-align: center;\"><strong>Deadline for abstract submission:<br \/><\/strong>1 Ekim 2024<\/p>\n<p style=\"text-align: center;\"><strong>Early Registration:<br \/><\/strong>Before 1 September 2024<\/p>\n<\/div>\n<\/div>\t\t\t\t\t\t\t\t<\/div>\n\t\t\t\t<\/div>\n\t\t\t\t\t<\/div>\n\t\t\t\t<\/div>\n\t\t<div class=\"elementor-element elementor-element-23a274f e-flex e-con-boxed e-con e-parent\" data-id=\"23a274f\" data-element_type=\"container\" data-settings=\"{&quot;background_background&quot;:&quot;classic&quot;}\">\n\t\t\t\t\t<div class=\"e-con-inner\">\n\t\t<div class=\"elementor-element elementor-element-8dfb292 e-con-full e-flex e-con e-child\" data-id=\"8dfb292\" data-element_type=\"container\">\n\t\t\t\t<div class=\"elementor-element elementor-element-8e363e1 elementor-widget elementor-widget-heading\" data-id=\"8e363e1\" data-element_type=\"widget\" data-widget_type=\"heading.default\">\n\t\t\t\t<div class=\"elementor-widget-container\">\n\t\t\t\t\t<h2 class=\"elementor-heading-title elementor-size-default\">Destekleriyle<\/h2>\t\t\t\t<\/div>\n\t\t\t\t<\/div>\n\t\t\t\t<div class=\"elementor-element elementor-element-3c5ac86 elementor-widget-divider--view-line elementor-widget elementor-widget-divider\" data-id=\"3c5ac86\" data-element_type=\"widget\" data-widget_type=\"divider.default\">\n\t\t\t\t<div class=\"elementor-widget-container\">\n\t\t\t\t\t\t\t<div class=\"elementor-divider\">\n\t\t\t<span class=\"elementor-divider-separator\">\n\t\t\t\t\t\t<\/span>\n\t\t<\/div>\n\t\t\t\t\t\t<\/div>\n\t\t\t\t<\/div>\n\t\t\t\t<\/div>\n\t\t<div class=\"elementor-element elementor-element-607059c e-grid e-con-full e-con e-child\" data-id=\"607059c\" data-element_type=\"container\">\n\t\t\t\t<div class=\"elementor-element elementor-element-87ab5f4 elementor-widget elementor-widget-image\" data-id=\"87ab5f4\" data-element_type=\"widget\" data-widget_type=\"image.default\">\n\t\t\t\t<div class=\"elementor-widget-container\">\n\t\t\t\t\t\t\t\t\t\t\t\t\t\t\t<img fetchpriority=\"high\" decoding=\"async\" width=\"225\" height=\"300\" src=\"https:\/\/yogunbakim2024.org\/wp-content\/uploads\/2024\/11\/tubitak_logo-225x300-1.png\" class=\"attachment-large size-large wp-image-892\" alt=\"\" srcset=\"https:\/\/yogunbakim2024.org\/wp-content\/uploads\/2024\/11\/tubitak_logo-225x300-1.png 225w, https:\/\/yogunbakim2024.org\/wp-content\/uploads\/2024\/11\/tubitak_logo-225x300-1-9x12.png 9w\" sizes=\"(max-width: 225px) 100vw, 225px\" \/>\t\t\t\t\t\t\t\t\t\t\t\t\t\t\t<\/div>\n\t\t\t\t<\/div>\n\t\t\t\t<div class=\"elementor-element elementor-element-c65f48c elementor-widget elementor-widget-image\" data-id=\"c65f48c\" data-element_type=\"widget\" data-widget_type=\"image.default\">\n\t\t\t\t<div class=\"elementor-widget-container\">\n\t\t\t\t\t\t\t\t\t\t\t\t\t\t\t<img decoding=\"async\" width=\"866\" height=\"650\" src=\"https:\/\/yogunbakim2024.org\/wp-content\/uploads\/2024\/11\/tika.webp\" class=\"attachment-large size-large wp-image-896\" alt=\"\" srcset=\"https:\/\/yogunbakim2024.org\/wp-content\/uploads\/2024\/11\/tika.webp 866w, https:\/\/yogunbakim2024.org\/wp-content\/uploads\/2024\/11\/tika-300x225.webp 300w, https:\/\/yogunbakim2024.org\/wp-content\/uploads\/2024\/11\/tika-768x576.webp 768w, https:\/\/yogunbakim2024.org\/wp-content\/uploads\/2024\/11\/tika-16x12.webp 16w\" sizes=\"(max-width: 866px) 100vw, 866px\" \/>\t\t\t\t\t\t\t\t\t\t\t\t\t\t\t<\/div>\n\t\t\t\t<\/div>\n\t\t\t\t<div class=\"elementor-element elementor-element-b8dfa1e elementor-widget elementor-widget-text-editor\" data-id=\"b8dfa1e\" data-element_type=\"widget\" data-widget_type=\"text-editor.default\">\n\t\t\t\t<div class=\"elementor-widget-container\">\n\t\t\t\t\t\t\t\t\t<p style=\"text-align: center;\">20th National Congress and the 12th Afro-Eurasia Intensive Care Meeting is supported within the scope of T\u00dcB\u0130TAK BIDEB 2223-B Grant Program<\/p>\t\t\t\t\t\t\t\t<\/div>\n\t\t\t\t<\/div>\n\t\t\t\t<\/div>\n\t\t<div class=\"elementor-element elementor-element-e92601c e-con-full e-flex e-con e-child\" data-id=\"e92601c\" data-element_type=\"container\">\n\t\t\t\t<div class=\"elementor-element elementor-element-f261871 elementor-widget-divider--view-line elementor-widget elementor-widget-divider\" data-id=\"f261871\" data-element_type=\"widget\" data-widget_type=\"divider.default\">\n\t\t\t\t<div class=\"elementor-widget-container\">\n\t\t\t\t\t\t\t<div class=\"elementor-divider\">\n\t\t\t<span class=\"elementor-divider-separator\">\n\t\t\t\t\t\t<\/span>\n\t\t<\/div>\n\t\t\t\t\t\t<\/div>\n\t\t\t\t<\/div>\n\t\t\t\t<\/div>\n\t\t\t\t\t<\/div>\n\t\t\t\t<\/div>\n\t\t\t\t<\/div>","protected":false},"excerpt":{"rendered":"<p>{ &#8220;name&#8221;:&#8221;T\u00fcrk Yo\u011fun Bak\u0131m Uzmanlar\u0131 Derne\u011fi 20. Ulusal Kongresi ve 12. Afrika-Avrasya Toplant\u0131s\u0131&#8221;, &#8220;description&#8221;:&#8221;November 21-24, 2024 \/ Antalya&#8221;, &#8220;startDate&#8221;:&#8221;2024-11-21&#8243;, &#8220;endDate&#8221;:&#8221;2024-11-24&#8243;, &#8220;startTime&#8221;:&#8221;09:00&#8243;, &#8220;endTime&#8221;:&#8221;18:00&#8243;, &#8220;location&#8221;:&#8221;Antalya Juju Premier Palace Hotel&#8221;, &#8220;label&#8221;:&#8221;Takviminize Ekleyin&#8221;, &#8220;options&#8221;:[ &#8220;Apple&#8221;, &#8220;Google&#8221;, &#8220;iCal&#8221;, &#8220;Microsoft365&#8221;, &#8220;MicrosoftTeams&#8221;, &#8220;Outlook.com&#8221;, &#8220;Yahoo&#8221; ], &#8220;timeZone&#8221;:&#8221;Europe\/Berlin&#8221;, &#8220;trigger&#8221;:&#8221;click&#8221;, &#8220;inline&#8221;:true, &#8220;listStyle&#8221;:&#8221;modal&#8221;, &#8220;iCalFileName&#8221;:&#8221;Reminder-Event&#8221; } Davet Say\u0131n Meslekta\u015flar\u0131m\u0131z, T\u00fcrk Yo\u011fun Bak\u0131m Uzmanlar\u0131 Derne\u011fi&#8217;nin 20. Ulusal Kongresi [&hellip;]<\/p>","protected":false},"author":1,"featured_media":0,"parent":0,"menu_order":0,"comment_status":"closed","ping_status":"closed","template":"elementor_header_footer","meta":{"footnotes":""},"class_list":["post-20","page","type-page","status-publish","hentry"],"blocksy_meta":[],"_links":{"self":[{"href":"https:\/\/yogunbakim2024.org\/en\/wp-json\/wp\/v2\/pages\/20","targetHints":{"allow":["GET"]}}],"collection":[{"href":"https:\/\/yogunbakim2024.org\/en\/wp-json\/wp\/v2\/pages"}],"about":[{"href":"https:\/\/yogunbakim2024.org\/en\/wp-json\/wp\/v2\/types\/page"}],"author":[{"embeddable":true,"href":"https:\/\/yogunbakim2024.org\/en\/wp-json\/wp\/v2\/users\/1"}],"replies":[{"embeddable":true,"href":"https:\/\/yogunbakim2024.org\/en\/wp-json\/wp\/v2\/comments?post=20"}],"version-history":[{"count":169,"href":"https:\/\/yogunbakim2024.org\/en\/wp-json\/wp\/v2\/pages\/20\/revisions"}],"predecessor-version":[{"id":1055,"href":"https:\/\/yogunbakim2024.org\/en\/wp-json\/wp\/v2\/pages\/20\/revisions\/1055"}],"wp:attachment":[{"href":"https:\/\/yogunbakim2024.org\/en\/wp-json\/wp\/v2\/media?parent=20"}],"curies":[{"name":"wp","href":"https:\/\/api.w.org\/{rel}","templated":true}]}}