{"id":47,"date":"2024-01-02T15:48:10","date_gmt":"2024-01-02T12:48:10","guid":{"rendered":"https:\/\/yogunbakim2024.org\/?page_id=47"},"modified":"2024-01-04T18:04:44","modified_gmt":"2024-01-04T15:04:44","slug":"kurullar","status":"publish","type":"page","link":"https:\/\/yogunbakim2024.org\/en\/kurullar\/","title":{"rendered":"Committees"},"content":{"rendered":"<p><\/p>\n\n\n\n<h5 class=\"wp-block-heading has-text-align-center\">Chairman of the 20th Annual Congress of Society of Turkish Intensivists &amp; 12th Afro - Eurasia Meeting<\/h5>\n\n\n\n<figure class=\"wp-block-image aligncenter size-large is-resized\"><img fetchpriority=\"high\" decoding=\"async\" width=\"1024\" height=\"1024\" src=\"https:\/\/yogunbakim2024.org\/wp-content\/uploads\/2024\/01\/Emel-Eryuksel-1024x1024.jpg\" alt=\"\" class=\"wp-image-143\" style=\"width:200px\" srcset=\"https:\/\/yogunbakim2024.org\/wp-content\/uploads\/2024\/01\/Emel-Eryuksel-1024x1024.jpg 1024w, https:\/\/yogunbakim2024.org\/wp-content\/uploads\/2024\/01\/Emel-Eryuksel-300x300.jpg 300w, https:\/\/yogunbakim2024.org\/wp-content\/uploads\/2024\/01\/Emel-Eryuksel-150x150.jpg 150w, https:\/\/yogunbakim2024.org\/wp-content\/uploads\/2024\/01\/Emel-Eryuksel-768x768.jpg 768w, https:\/\/yogunbakim2024.org\/wp-content\/uploads\/2024\/01\/Emel-Eryuksel-12x12.jpg 12w, https:\/\/yogunbakim2024.org\/wp-content\/uploads\/2024\/01\/Emel-Eryuksel.jpg 1200w\" sizes=\"(max-width: 1024px) 100vw, 1024px\" \/><\/figure>\n\n\n\n<p class=\"has-text-align-center\"><strong>Dr Emel Ery\u00fcksel<\/strong><\/p>\n\n\n\n<hr class=\"wp-block-separator has-alpha-channel-opacity\"\/>\n\n\n\n<h5 class=\"wp-block-heading has-text-align-center\">Congress Organization Committee<\/h5>\n\n\n\n<div class=\"wp-block-columns is-layout-flex wp-container-core-columns-is-layout-28f84493 wp-block-columns-is-layout-flex\">\n<div class=\"wp-block-column is-layout-flow wp-block-column-is-layout-flow\">\n<figure class=\"wp-block-image aligncenter size-large is-resized\"><img decoding=\"async\" width=\"1024\" height=\"1024\" src=\"https:\/\/yogunbakim2024.org\/wp-content\/uploads\/2024\/01\/Leyla-Ferlicolak-1024x1024.jpg\" alt=\"\" class=\"wp-image-144\" style=\"width:200px\" srcset=\"https:\/\/yogunbakim2024.org\/wp-content\/uploads\/2024\/01\/Leyla-Ferlicolak-1024x1024.jpg 1024w, https:\/\/yogunbakim2024.org\/wp-content\/uploads\/2024\/01\/Leyla-Ferlicolak-300x300.jpg 300w, https:\/\/yogunbakim2024.org\/wp-content\/uploads\/2024\/01\/Leyla-Ferlicolak-150x150.jpg 150w, https:\/\/yogunbakim2024.org\/wp-content\/uploads\/2024\/01\/Leyla-Ferlicolak-768x768.jpg 768w, https:\/\/yogunbakim2024.org\/wp-content\/uploads\/2024\/01\/Leyla-Ferlicolak-12x12.jpg 12w, https:\/\/yogunbakim2024.org\/wp-content\/uploads\/2024\/01\/Leyla-Ferlicolak.jpg 1200w\" sizes=\"(max-width: 1024px) 100vw, 1024px\" \/><\/figure>\n\n\n\n<p class=\"has-text-align-center\"><strong>Dr Leyla Ferli\u00e7olak<\/strong><\/p>\n<\/div>\n\n\n\n<div class=\"wp-block-column is-layout-flow wp-block-column-is-layout-flow\">\n<figure class=\"wp-block-image aligncenter size-large is-resized\"><img decoding=\"async\" width=\"1024\" height=\"1024\" src=\"https:\/\/yogunbakim2024.org\/wp-content\/uploads\/2024\/01\/Kamil-Inci-1024x1024.jpg\" alt=\"\" class=\"wp-image-245\" style=\"width:200px\" srcset=\"https:\/\/yogunbakim2024.org\/wp-content\/uploads\/2024\/01\/Kamil-Inci-1024x1024.jpg 1024w, https:\/\/yogunbakim2024.org\/wp-content\/uploads\/2024\/01\/Kamil-Inci-300x300.jpg 300w, https:\/\/yogunbakim2024.org\/wp-content\/uploads\/2024\/01\/Kamil-Inci-150x150.jpg 150w, https:\/\/yogunbakim2024.org\/wp-content\/uploads\/2024\/01\/Kamil-Inci-768x768.jpg 768w, https:\/\/yogunbakim2024.org\/wp-content\/uploads\/2024\/01\/Kamil-Inci-12x12.jpg 12w, https:\/\/yogunbakim2024.org\/wp-content\/uploads\/2024\/01\/Kamil-Inci.jpg 1200w\" sizes=\"(max-width: 1024px) 100vw, 1024px\" \/><\/figure>\n\n\n\n<p class=\"has-text-align-center\"><strong>Dr Kamil \u0130nci<\/strong><\/p>\n<\/div>\n\n\n\n<div class=\"wp-block-column is-layout-flow wp-block-column-is-layout-flow\">\n<figure class=\"wp-block-image aligncenter size-large is-resized\"><img loading=\"lazy\" decoding=\"async\" width=\"1024\" height=\"1024\" src=\"https:\/\/yogunbakim2024.org\/wp-content\/uploads\/2024\/01\/Recep-Civan-Yuksel-1024x1024.jpg\" alt=\"\" class=\"wp-image-146\" style=\"width:200px\" srcset=\"https:\/\/yogunbakim2024.org\/wp-content\/uploads\/2024\/01\/Recep-Civan-Yuksel-1024x1024.jpg 1024w, https:\/\/yogunbakim2024.org\/wp-content\/uploads\/2024\/01\/Recep-Civan-Yuksel-300x300.jpg 300w, https:\/\/yogunbakim2024.org\/wp-content\/uploads\/2024\/01\/Recep-Civan-Yuksel-150x150.jpg 150w, https:\/\/yogunbakim2024.org\/wp-content\/uploads\/2024\/01\/Recep-Civan-Yuksel-768x768.jpg 768w, https:\/\/yogunbakim2024.org\/wp-content\/uploads\/2024\/01\/Recep-Civan-Yuksel-12x12.jpg 12w, https:\/\/yogunbakim2024.org\/wp-content\/uploads\/2024\/01\/Recep-Civan-Yuksel.jpg 1200w\" sizes=\"(max-width: 1024px) 100vw, 1024px\" \/><\/figure>\n\n\n\n<p class=\"has-text-align-center\"><strong>Dr Recep Civan Y\u00fcksel<\/strong><\/p>\n<\/div>\n<\/div>\n\n\n\n<p class=\"has-text-align-center\"><\/p>","protected":false},"excerpt":{"rendered":"<p>T\u00fcrk Yo\u011fun Bak\u0131m Uzmanlar\u0131 Derne\u011fi ve Kongre Ba\u015fkan\u0131 Dr Emel Ery\u00fcksel Kongre D\u00fczenleme Kurulu Dr Leyla Ferli\u00e7olak Dr Kamil \u0130nci Dr Recep Civan Y\u00fcksel<\/p>","protected":false},"author":1,"featured_media":0,"parent":0,"menu_order":0,"comment_status":"closed","ping_status":"closed","template":"","meta":{"footnotes":""},"class_list":["post-47","page","type-page","status-publish","hentry"],"blocksy_meta":{"page_structure_type":"type-4","styles_descriptor":{"styles":{"desktop":"","tablet":"","mobile":""},"google_fonts":[],"version":6}},"_links":{"self":[{"href":"https:\/\/yogunbakim2024.org\/en\/wp-json\/wp\/v2\/pages\/47","targetHints":{"allow":["GET"]}}],"collection":[{"href":"https:\/\/yogunbakim2024.org\/en\/wp-json\/wp\/v2\/pages"}],"about":[{"href":"https:\/\/yogunbakim2024.org\/en\/wp-json\/wp\/v2\/types\/page"}],"author":[{"embeddable":true,"href":"https:\/\/yogunbakim2024.org\/en\/wp-json\/wp\/v2\/users\/1"}],"replies":[{"embeddable":true,"href":"https:\/\/yogunbakim2024.org\/en\/wp-json\/wp\/v2\/comments?post=47"}],"version-history":[{"count":9,"href":"https:\/\/yogunbakim2024.org\/en\/wp-json\/wp\/v2\/pages\/47\/revisions"}],"predecessor-version":[{"id":246,"href":"https:\/\/yogunbakim2024.org\/en\/wp-json\/wp\/v2\/pages\/47\/revisions\/246"}],"wp:attachment":[{"href":"https:\/\/yogunbakim2024.org\/en\/wp-json\/wp\/v2\/media?parent=47"}],"curies":[{"name":"wp","href":"https:\/\/api.w.org\/{rel}","templated":true}]}}