{"id":49,"date":"2024-01-02T15:48:26","date_gmt":"2024-01-02T12:48:26","guid":{"rendered":"https:\/\/yogunbakim2024.org\/?page_id=49"},"modified":"2024-11-07T13:53:55","modified_gmt":"2024-11-07T10:53:55","slug":"kayit-konaklama","status":"publish","type":"page","link":"https:\/\/yogunbakim2024.org\/en\/kayit-konaklama\/","title":{"rendered":"Registration &amp; Accommodation"},"content":{"rendered":"<h3 class=\"wp-block-heading\">Registration<\/h3>\n\n\n\n<figure class=\"wp-block-table is-style-stripes\"><table><thead><tr><th class=\"has-text-align-center\" data-align=\"center\"><strong>Registration Options&nbsp;<br>TUYUD Member<\/strong><\/th><th class=\"has-text-align-center\" data-align=\"center\"><strong>Early Registration<\/strong><br><strong>( 1 Eyl\u00fcl 2024 \u00d6ncesi )<\/strong><\/th><th class=\"has-text-align-center\" data-align=\"center\"><strong>Late Registration<br>&nbsp;( 1 Eyl\u00fcl 2024 Sonras\u0131 )<\/strong><\/th><\/tr><\/thead><tbody><tr><td class=\"has-text-align-center\" data-align=\"center\">Specialist Registration Fee<\/td><td class=\"has-text-align-center\" data-align=\"center\">6.825 TL<\/td><td class=\"has-text-align-center\" data-align=\"center\">7.800 TL<\/td><\/tr><tr><td class=\"has-text-align-center\" data-align=\"center\">Trainee Registration Fee<\/td><td class=\"has-text-align-center\" data-align=\"center\">4.875 TL&nbsp;<\/td><td class=\"has-text-align-center\" data-align=\"center\">5.850 TL<\/td><\/tr><tr><td class=\"has-text-align-center\" data-align=\"center\">Nurses and Non-Physician Health Personnel<\/td><td class=\"has-text-align-center\" data-align=\"center\">3.315 TL<\/td><td class=\"has-text-align-center\" data-align=\"center\">4.290 TL<\/td><\/tr><\/tbody><\/table><\/figure>\n\n\n\n<figure class=\"wp-block-table\"><table><thead><tr><th class=\"has-text-align-center\" data-align=\"center\"><strong><strong>Registration Options&nbsp;<br>Non-Member<\/strong><\/strong><\/th><th class=\"has-text-align-center\" data-align=\"center\"><strong>Early Registration<\/strong><br><strong>( 1 Eyl\u00fcl 2024 \u00d6ncesi )<\/strong><\/th><th class=\"has-text-align-center\" data-align=\"center\"><strong>Late Registration<br>&nbsp;( 1 Eyl\u00fcl 2024 Sonras\u0131 )<\/strong><\/th><\/tr><\/thead><tbody><tr><td class=\"has-text-align-center\" data-align=\"center\">Specialist Registration Fee<\/td><td class=\"has-text-align-center\" data-align=\"center\">9.750 TL<\/td><td class=\"has-text-align-center\" data-align=\"center\">10.725 TL<\/td><\/tr><tr><td class=\"has-text-align-center\" data-align=\"center\">Trainee Registration Fee<\/td><td class=\"has-text-align-center\" data-align=\"center\">7.800 TL<\/td><td class=\"has-text-align-center\" data-align=\"center\">8.775 TL<\/td><\/tr><tr><td class=\"has-text-align-center\" data-align=\"center\">Nurses and Non-Physician Health Personnel<\/td><td class=\"has-text-align-center\" data-align=\"center\">5.850 TL<\/td><td class=\"has-text-align-center\" data-align=\"center\">6.925TL<\/td><\/tr><tr><td class=\"has-text-align-center\" data-align=\"center\">Staff Registration Fee<\/td><td class=\"has-text-align-center\" data-align=\"center\">9.750 TL<\/td><td class=\"has-text-align-center\" data-align=\"center\">10.725 TL<\/td><\/tr><\/tbody><\/table><\/figure>\n\n\n\n<ul class=\"wp-block-list\">\n<li>Participation in all scientific activities, certificate of participation, lunches, coffee breaks<\/li>\n\n\n\n<li>The above prices are excluding VAT. Any changes that may occur in tax rates are reflected at the same rate.<\/li>\n\n\n\n<li>If payments are not made based on early registration fees, budgets will be automatically renewed based on late registration fees.<\/li>\n<\/ul>\n\n\n\n<h2 class=\"wp-block-heading\">Kurs Kay\u0131tlar\u0131<\/h2>\n\n\n\n<figure class=\"wp-block-table\"><table class=\"has-fixed-layout\"><thead><tr><th>Kurs ad\u0131<\/th><th>Kontenjan<\/th><th>\u00dccret<\/th><\/tr><\/thead><tbody><tr><td>Bronkoskopi Kursu<\/td><td>20 Ki\u015fi<\/td><td>\u00dccretsiz<\/td><\/tr><tr><td>USG Kursu<\/td><td>30 ki\u015fi<\/td><td>2.000 TL<\/td><\/tr><\/tbody><\/table><\/figure>\n\n\n\n<div class=\"wp-block-buttons is-content-justification-center is-layout-flex wp-container-core-buttons-is-layout-a89b3969 wp-block-buttons-is-layout-flex\">\n<div class=\"wp-block-button has-custom-width wp-block-button__width-75 has-custom-font-size has-medium-font-size\"><a class=\"wp-block-button__link has-vivid-red-background-color has-background wp-element-button\" href=\"https:\/\/payment.brosgroup.net\/2024yogunbakim\/?plng=eng\" style=\"border-style:none;border-width:0px;padding-top:var(--wp--preset--spacing--30);padding-right:var(--wp--preset--spacing--30);padding-bottom:var(--wp--preset--spacing--30);padding-left:var(--wp--preset--spacing--30)\" target=\"_blank\" rel=\"noreferrer noopener\">CLICK HERE TO REGISTER ONLINE!<\/a><\/div>\n<\/div>\n\n\n\n<h3 class=\"wp-block-heading\">Accommodation<\/h3>\n\n\n\n<figure class=\"wp-block-table is-style-stripes\"><table><thead><tr><th>Juju Premier Palace Hotel<\/th><th>Single Room Accommodation Fee<\/th><th>Single Room Fee Per Person<\/th><\/tr><\/thead><tbody><tr><td>Participant Accommodation Package<\/td><td>27.105 TL<\/td><td>18.232,50 TL<\/td><\/tr><tr><td>Speaker Accommodation Package<\/td><td>19.305 TL<\/td><td>18.232,50 TL<\/td><\/tr><\/tbody><\/table><\/figure>\n\n\n\n<ul class=\"wp-block-list\">\n<li>For the package prices above; 3 nights all-inclusive accommodation is included between 21-24 November 2024.<\/li>\n\n\n\n<li>Yukar\u0131daki konaklama \u00fccretleri <strong>1 September 2024<\/strong> tarihine kadar \u00f6denmedi\u011fi takdirde %10 ge\u00e7 konaklama \u00fccreti ilave edilecektir.&nbsp;<\/li>\n\n\n\n<li>Participants or their sponsors who do not stay at the congress hotel during the congress scientific activities and do not receive accommodation services from the congress agency will be charged separately for the external participant fee requested by the hotel. The congress external participant fee is 55 EUR + VAT per day.<\/li>\n\n\n\n<li>Please contact the Congress Secretariat regarding double room and companion fees.<\/li>\n\n\n\n<li>The above prices are excluding VAT. Any changes that may occur in tax rates are reflected at the same rate.<\/li>\n\n\n\n<li>Double room difference will be added to the single room fee.<\/li>\n<\/ul>\n\n\n\n<div class=\"wp-block-buttons is-content-justification-center is-layout-flex wp-container-core-buttons-is-layout-a89b3969 wp-block-buttons-is-layout-flex\">\n<div class=\"wp-block-button has-custom-width wp-block-button__width-75 has-custom-font-size has-medium-font-size\"><a class=\"wp-block-button__link has-vivid-red-background-color has-background wp-element-button\" href=\"https:\/\/payment.brosgroup.net\/2024yogunbakim\/?plng=eng\" style=\"padding-top:var(--wp--preset--spacing--30);padding-right:var(--wp--preset--spacing--30);padding-bottom:var(--wp--preset--spacing--30);padding-left:var(--wp--preset--spacing--30)\" target=\"_blank\" rel=\"noreferrer noopener\">CLICK HERE TO ONLINE BOOKING<\/a><\/div>\n<\/div>\n\n\n\n<h4 class=\"wp-block-heading\">Juju Premier Palace Hotel<\/h4>\n\n\n\n<figure class=\"wp-block-gallery has-nested-images columns-default is-cropped wp-block-gallery-1 is-layout-flex wp-block-gallery-is-layout-flex\">\n<figure class=\"wp-block-image size-large\"><img fetchpriority=\"high\" decoding=\"async\" width=\"1024\" height=\"767\" data-id=\"158\" src=\"https:\/\/yogunbakim2024.org\/wp-content\/uploads\/2024\/01\/Juju-01.jpg\" alt=\"\" class=\"wp-image-158\" srcset=\"https:\/\/yogunbakim2024.org\/wp-content\/uploads\/2024\/01\/Juju-01.jpg 1024w, https:\/\/yogunbakim2024.org\/wp-content\/uploads\/2024\/01\/Juju-01-300x225.jpg 300w, https:\/\/yogunbakim2024.org\/wp-content\/uploads\/2024\/01\/Juju-01-768x575.jpg 768w, https:\/\/yogunbakim2024.org\/wp-content\/uploads\/2024\/01\/Juju-01-16x12.jpg 16w\" sizes=\"(max-width: 1024px) 100vw, 1024px\" \/><\/figure>\n\n\n\n<figure class=\"wp-block-image size-large\"><img decoding=\"async\" width=\"675\" height=\"450\" data-id=\"159\" src=\"https:\/\/yogunbakim2024.org\/wp-content\/uploads\/2024\/01\/Juju-02.webp\" alt=\"\" class=\"wp-image-159\" srcset=\"https:\/\/yogunbakim2024.org\/wp-content\/uploads\/2024\/01\/Juju-02.webp 675w, https:\/\/yogunbakim2024.org\/wp-content\/uploads\/2024\/01\/Juju-02-300x200.webp 300w, https:\/\/yogunbakim2024.org\/wp-content\/uploads\/2024\/01\/Juju-02-18x12.webp 18w\" sizes=\"(max-width: 675px) 100vw, 675px\" \/><\/figure>\n\n\n\n<figure class=\"wp-block-image size-large\"><img decoding=\"async\" width=\"1024\" height=\"683\" data-id=\"160\" src=\"https:\/\/yogunbakim2024.org\/wp-content\/uploads\/2024\/01\/Juju-03-1024x683.jpg\" alt=\"\" class=\"wp-image-160\" srcset=\"https:\/\/yogunbakim2024.org\/wp-content\/uploads\/2024\/01\/Juju-03-1024x683.jpg 1024w, https:\/\/yogunbakim2024.org\/wp-content\/uploads\/2024\/01\/Juju-03-300x200.jpg 300w, https:\/\/yogunbakim2024.org\/wp-content\/uploads\/2024\/01\/Juju-03-768x512.jpg 768w, https:\/\/yogunbakim2024.org\/wp-content\/uploads\/2024\/01\/Juju-03-18x12.jpg 18w, https:\/\/yogunbakim2024.org\/wp-content\/uploads\/2024\/01\/Juju-03.jpg 1080w\" sizes=\"(max-width: 1024px) 100vw, 1024px\" \/><\/figure>\n<\/figure>\n\n\n\n<iframe src=\"https:\/\/www.google.com\/maps\/embed?pb=!1m18!1m12!1m3!1d36172.27070745644!2d30.541694414004336!3d36.74159642282142!2m3!1f0!2f0!3f0!3m2!1i1024!2i768!4f13.1!3m3!1m2!1s0x14c3bfaeef57cd01%3A0xcf3766b84528dace!2sJuju%20Premier%20Palace%20Hotel!5e0!3m2!1str!2str!4v1730976832392!5m2!1str!2str\" width=\"600\" height=\"450\" style=\"border:0;\" allowfullscreen=\"\" loading=\"lazy\" referrerpolicy=\"no-referrer-when-downgrade\"><\/iframe>","protected":false},"excerpt":{"rendered":"<p>Kay\u0131t Kay\u0131t Se\u00e7enekleri&nbsp;(T\u00dcYUD \u00dcyesi) Erken Kay\u0131t( 1 Eyl\u00fcl 2024 \u00d6ncesi ) Ge\u00e7 Kay\u0131t&nbsp;( 1 Eyl\u00fcl 2024 Sonras\u0131 ) Uzman Kay\u0131t 6.825 TL 7.800 TL Asistan Kay\u0131t 4.875 TL&nbsp; 5.850 TL Hem\u015fire &amp; Hekim D\u0131\u015f\u0131 Sa\u011fl\u0131k Personeli 3.315 TL 4.290 TL Kay\u0131t Se\u00e7enekleri&nbsp;(\u00dcye Olmayan) Erken Kay\u0131t( 1 Eyl\u00fcl 2024 \u00d6ncesi ) Ge\u00e7 Kay\u0131t&nbsp;( 1 Eyl\u00fcl 2024 [&hellip;]<\/p>","protected":false},"author":1,"featured_media":0,"parent":0,"menu_order":0,"comment_status":"closed","ping_status":"closed","template":"","meta":{"footnotes":""},"class_list":["post-49","page","type-page","status-publish","hentry"],"blocksy_meta":[],"_links":{"self":[{"href":"https:\/\/yogunbakim2024.org\/en\/wp-json\/wp\/v2\/pages\/49","targetHints":{"allow":["GET"]}}],"collection":[{"href":"https:\/\/yogunbakim2024.org\/en\/wp-json\/wp\/v2\/pages"}],"about":[{"href":"https:\/\/yogunbakim2024.org\/en\/wp-json\/wp\/v2\/types\/page"}],"author":[{"embeddable":true,"href":"https:\/\/yogunbakim2024.org\/en\/wp-json\/wp\/v2\/users\/1"}],"replies":[{"embeddable":true,"href":"https:\/\/yogunbakim2024.org\/en\/wp-json\/wp\/v2\/comments?post=49"}],"version-history":[{"count":27,"href":"https:\/\/yogunbakim2024.org\/en\/wp-json\/wp\/v2\/pages\/49\/revisions"}],"predecessor-version":[{"id":906,"href":"https:\/\/yogunbakim2024.org\/en\/wp-json\/wp\/v2\/pages\/49\/revisions\/906"}],"wp:attachment":[{"href":"https:\/\/yogunbakim2024.org\/en\/wp-json\/wp\/v2\/media?parent=49"}],"curies":[{"name":"wp","href":"https:\/\/api.w.org\/{rel}","templated":true}]}}