{"id":55,"date":"2024-01-02T15:48:57","date_gmt":"2024-01-02T12:48:57","guid":{"rendered":"https:\/\/yogunbakim2024.org\/?page_id=55"},"modified":"2024-01-19T12:56:42","modified_gmt":"2024-01-19T09:56:42","slug":"genel-bilgiler","status":"publish","type":"page","link":"https:\/\/yogunbakim2024.org\/en\/genel-bilgiler\/","title":{"rendered":"General Info"},"content":{"rendered":"<h3 class=\"wp-block-heading\"><strong>Congress Name<\/strong><strong><\/strong><\/h3>\n\n\n\n<p>20th National Congress and the 12th Afro-Eurasia Intensive Care Meeting of the Society of Turkish Intensivists<\/p>\n\n\n\n<h3 class=\"wp-block-heading\"><strong>Organizing Association<\/strong><\/h3>\n\n\n\n<p><strong>Society of Turkish Intensivist<\/strong><br><a href=\"https:\/\/www.tuyud.org.tr\/\" target=\"_blank\" rel=\"noreferrer noopener\">https:\/\/www.tuyud.org.tr\/<\/a><\/p>\n\n\n\n<h3 class=\"wp-block-heading\"><strong>Date<\/strong><strong><\/strong><\/h3>\n\n\n\n<p>21-24 November 2024<\/p>\n\n\n\n<h3 class=\"wp-block-heading\"><strong>Venue<\/strong><\/h3>\n\n\n\n<p><strong>Juju Premier Palace Hotel<\/strong><br>Beldibi Mahallesi Ba\u015fkomutan Atat\u00fcrk Caddesi No: 1 Kemer \/ Antalya<\/p>\n\n\n\n<h3 class=\"wp-block-heading\"><strong>Badge<\/strong><\/h3>\n\n\n\n<p>All participants are required to wear their badges to enter the congress center.<\/p>\n\n\n\n<h3 class=\"wp-block-heading\"><strong>Certificates<\/strong><strong><\/strong><\/h3>\n\n\n\n<p>Certificate of participation will be given to participants after the Congress.<\/p>\n\n\n\n<h3 class=\"wp-block-heading\"><strong>Exhibition Area<\/strong><strong><\/strong><\/h3>\n\n\n\n<p>The exhibition area will be open between 08:00 \u2013 18:00 during the Congress.<\/p>\n\n\n\n<h3 class=\"wp-block-heading\"><strong>Congress Organization Secretariat&nbsp;<\/strong><strong><\/strong><\/h3>\n\n\n\n<p><strong>20th Annual Congress of Society of Turkish Intensivists &amp; 12th Africa - Eurasia Meeting&nbsp;<\/strong>has determined Bros Group as the Official Agency of the Congress.<\/p>\n\n\n\n<h3 class=\"wp-block-heading\"><strong>Invitation<\/strong><\/h3>\n\n\n\n<p>At the request of the participants, the official invitation letter will be sent by the Organizing Committee of the Congress.<\/p>","protected":false},"excerpt":{"rendered":"<p>Kongre Ad\u0131 T\u00fcrk Yo\u011fun Bak\u0131m Uzmanlar\u0131 Derne\u011fi 20. Ulusal Kongresi ve 12. Afro \u2013 Avrasya Toplant\u0131s\u0131 D\u00fczenleyen Dernek T\u00fcrk Yo\u011fun Bak\u0131m Uzmanlar\u0131 Derne\u011fihttps:\/\/www.tuyud.org.tr\/ Tarih 21-24 Kas\u0131m 2024 Kongre&nbsp;Merkezi Juju Premier Palace HotelBeldibi Mahallesi Ba\u015fkomutan Atat\u00fcrk Caddesi No: 1 Kemer \/ Antalya Yaka Kart\u0131 T\u00fcm kat\u0131l\u0131mc\u0131lar\u0131n kongre merkezine girebilmeleri i\u00e7in yaka kartlar\u0131n\u0131 takmalar\u0131 gerekmektedir. Kat\u0131l\u0131m Belgeleri [&hellip;]<\/p>","protected":false},"author":1,"featured_media":0,"parent":0,"menu_order":0,"comment_status":"closed","ping_status":"closed","template":"","meta":{"footnotes":""},"class_list":["post-55","page","type-page","status-publish","hentry"],"blocksy_meta":[],"_links":{"self":[{"href":"https:\/\/yogunbakim2024.org\/en\/wp-json\/wp\/v2\/pages\/55","targetHints":{"allow":["GET"]}}],"collection":[{"href":"https:\/\/yogunbakim2024.org\/en\/wp-json\/wp\/v2\/pages"}],"about":[{"href":"https:\/\/yogunbakim2024.org\/en\/wp-json\/wp\/v2\/types\/page"}],"author":[{"embeddable":true,"href":"https:\/\/yogunbakim2024.org\/en\/wp-json\/wp\/v2\/users\/1"}],"replies":[{"embeddable":true,"href":"https:\/\/yogunbakim2024.org\/en\/wp-json\/wp\/v2\/comments?post=55"}],"version-history":[{"count":10,"href":"https:\/\/yogunbakim2024.org\/en\/wp-json\/wp\/v2\/pages\/55\/revisions"}],"predecessor-version":[{"id":296,"href":"https:\/\/yogunbakim2024.org\/en\/wp-json\/wp\/v2\/pages\/55\/revisions\/296"}],"wp:attachment":[{"href":"https:\/\/yogunbakim2024.org\/en\/wp-json\/wp\/v2\/media?parent=55"}],"curies":[{"name":"wp","href":"https:\/\/api.w.org\/{rel}","templated":true}]}}