{"id":724,"date":"2024-10-03T16:21:46","date_gmt":"2024-10-03T13:21:46","guid":{"rendered":"https:\/\/yogunbakim2024.org\/?page_id=724"},"modified":"2024-11-23T14:28:42","modified_gmt":"2024-11-23T11:28:42","slug":"kurslar","status":"publish","type":"page","link":"https:\/\/yogunbakim2024.org\/en\/kurslar\/","title":{"rendered":"Courses"},"content":{"rendered":"<div data-elementor-type=\"wp-page\" data-elementor-id=\"724\" class=\"elementor elementor-724\">\n\t\t\t\t<div class=\"elementor-element elementor-element-c0a893a e-flex e-con-boxed e-con e-parent\" data-id=\"c0a893a\" data-element_type=\"container\">\n\t\t\t\t\t<div class=\"e-con-inner\">\n\t\t\t\t<div class=\"elementor-element elementor-element-e75e649 elementor-widget elementor-widget-eael-adv-accordion\" data-id=\"e75e649\" data-element_type=\"widget\" data-widget_type=\"eael-adv-accordion.default\">\n\t\t\t\t<div class=\"elementor-widget-container\">\n\t\t\t\t\t        <div class=\"eael-adv-accordion\" id=\"eael-adv-accordion-e75e649\" data-scroll-on-click=\"no\" data-scroll-speed=\"300\" data-accordion-id=\"e75e649\" data-accordion-type=\"accordion\" data-toogle-speed=\"300\">\n    <div class=\"eael-accordion-list\">\n                <div id=\"bronkoskopi-kursu-\" class=\"elementor-tab-title eael-accordion-header\" tabindex=\"0\" data-tab=\"1\" aria-controls=\"elementor-tab-content-2421\"><span class=\"eael-advanced-accordion-icon-closed\"><svg aria-hidden=\"true\" class=\"fa-accordion-icon e-font-icon-svg e-fas-plus\" viewbox=\"0 0 448 512\" xmlns=\"http:\/\/www.w3.org\/2000\/svg\"><path d=\"M416 208H272V64c0-17.67-14.33-32-32-32h-32c-17.67 0-32 14.33-32 32v144H32c-17.67 0-32 14.33-32 32v32c0 17.67 14.33 32 32 32h144v144c0 17.67 14.33 32 32 32h32c17.67 0 32-14.33 32-32V304h144c17.67 0 32-14.33 32-32v-32c0-17.67-14.33-32-32-32z\"><\/path><\/svg><\/span><span class=\"eael-advanced-accordion-icon-opened\"><svg aria-hidden=\"true\" class=\"fa-accordion-icon e-font-icon-svg e-fas-minus\" viewbox=\"0 0 448 512\" xmlns=\"http:\/\/www.w3.org\/2000\/svg\"><path d=\"M416 208H32c-17.67 0-32 14.33-32 32v32c0 17.67 14.33 32 32 32h384c17.67 0 32-14.33 32-32v-32c0-17.67-14.33-32-32-32z\"><\/path><\/svg><\/span><span class=\"eael-accordion-tab-title\">Bronkoskopi Kursu <\/span><svg aria-hidden=\"true\" class=\"fa-toggle e-font-icon-svg e-fas-angle-right\" viewbox=\"0 0 256 512\" xmlns=\"http:\/\/www.w3.org\/2000\/svg\"><path d=\"M224.3 273l-136 136c-9.4 9.4-24.6 9.4-33.9 0l-22.6-22.6c-9.4-9.4-9.4-24.6 0-33.9l96.4-96.4-96.4-96.4c-9.4-9.4-9.4-24.6 0-33.9L54.3 103c9.4-9.4 24.6-9.4 33.9 0l136 136c9.5 9.4 9.5 24.6.1 34z\"><\/path><\/svg><\/div><div id=\"elementor-tab-content-2421\" class=\"eael-accordion-content clearfix\" data-tab=\"1\" aria-labelledby=\"bronkoskopi-kursu-\"><h4>22 Kas\u0131m 2024 \/ 08.30-17.00 \/ C1 Salonu<\/h4><p><em><strong>\u00d6zlem Edibo\u011flu, Serpil \u00d6cal<\/strong><\/em><\/p><p>A\u00e7\u0131l\u0131\u015f konu\u015fmas\u0131 ve tan\u0131\u015fma: <br \/><em><strong>\u00d6zlem Edibo\u011flu<\/strong><\/em><\/p><p>Bronkoskopik anatomi ve i\u015flemler (mikrobiyolojik \u00f6rnek al\u0131nmas\u0131, bron\u015f lavaj\u0131, BAL, biyopsi ve f\u0131r\u00e7alama) <br \/><em><strong>Ezgi \u00d6zy\u0131lmaz<\/strong><\/em><\/p><p>Yo\u011fun bak\u0131mda Bronkoskopi endikasyon, kontrendikasyonlar\u0131 (elektif, acil) <br \/><em><strong>\u00d6zlem Edibo\u011flu<\/strong><\/em><\/p><p>Hastan\u0131n haz\u0131rlanmas\u0131 (hasta bilgilendirmesi, sedoanaljezi uygulanmas\u0131), \u0130MV ve N\u0130MV uygulanan hastada bronkoskopi uygulanmas\u0131 <br \/><em><strong>H\u00fcseyin Ar\u0131kan<\/strong><\/em><\/p><p>Bronkoskopi uygulamas\u0131nda oksijenizasyon bozulmalar\u0131na fizyopatolojik yakla\u015f\u0131m ve oksijen destek tedavileri\u00a0<br \/><em><strong>Erdem Yal\u00e7\u0131nkaya<\/strong><\/em><\/p><p>Bronkoskopi rehberli zor ent\u00fcbasyon ve perk\u00fctan\u00a0trakeostomi uygulamas\u0131nda bronkoskopi kullan\u0131m\u0131\u00a0<br \/><em><strong>Serpil \u00d6cal<\/strong><\/em>\u00a0<\/p><p>Bronkoskopi komplikasyonlar\u0131 ve y\u00f6netimi <br \/><em><strong>Nalan Ad\u0131g\u00fczel<\/strong><\/em><\/p><p>\u0130stasyon E\u011fitimleri<\/p><p><span style=\"color: #ff0000;\">Kat\u0131l\u0131m 20 ki\u015fi ile s\u0131n\u0131rl\u0131d\u0131r.<\/span><\/p><p><span style=\"color: #ff0000;\">Uygulamal\u0131 e\u011fitim 4 grup halinde yap\u0131lacakt\u0131r.\u00a0<\/span><\/p><p>\u00a0<\/p><\/div>\n                <\/div><div class=\"eael-accordion-list\">\n                <div id=\"usg-kursu-\" class=\"elementor-tab-title eael-accordion-header\" tabindex=\"0\" data-tab=\"2\" aria-controls=\"elementor-tab-content-2422\"><span class=\"eael-advanced-accordion-icon-closed\"><svg aria-hidden=\"true\" class=\"fa-accordion-icon e-font-icon-svg e-fas-plus\" viewbox=\"0 0 448 512\" xmlns=\"http:\/\/www.w3.org\/2000\/svg\"><path d=\"M416 208H272V64c0-17.67-14.33-32-32-32h-32c-17.67 0-32 14.33-32 32v144H32c-17.67 0-32 14.33-32 32v32c0 17.67 14.33 32 32 32h144v144c0 17.67 14.33 32 32 32h32c17.67 0 32-14.33 32-32V304h144c17.67 0 32-14.33 32-32v-32c0-17.67-14.33-32-32-32z\"><\/path><\/svg><\/span><span class=\"eael-advanced-accordion-icon-opened\"><svg aria-hidden=\"true\" class=\"fa-accordion-icon e-font-icon-svg e-fas-minus\" viewbox=\"0 0 448 512\" xmlns=\"http:\/\/www.w3.org\/2000\/svg\"><path d=\"M416 208H32c-17.67 0-32 14.33-32 32v32c0 17.67 14.33 32 32 32h384c17.67 0 32-14.33 32-32v-32c0-17.67-14.33-32-32-32z\"><\/path><\/svg><\/span><span class=\"eael-accordion-tab-title\">USG Kursu <\/span><svg aria-hidden=\"true\" class=\"fa-toggle e-font-icon-svg e-fas-angle-right\" viewbox=\"0 0 256 512\" xmlns=\"http:\/\/www.w3.org\/2000\/svg\"><path d=\"M224.3 273l-136 136c-9.4 9.4-24.6 9.4-33.9 0l-22.6-22.6c-9.4-9.4-9.4-24.6 0-33.9l96.4-96.4-96.4-96.4c-9.4-9.4-9.4-24.6 0-33.9L54.3 103c9.4-9.4 24.6-9.4 33.9 0l136 136c9.5 9.4 9.5 24.6.1 34z\"><\/path><\/svg><\/div><div id=\"elementor-tab-content-2422\" class=\"eael-accordion-content clearfix\" data-tab=\"2\" aria-labelledby=\"usg-kursu-\"><p><em><strong>Emre Karako\u00e7, Pervin Hanc\u0131<\/strong><\/em><\/p><p>08:30-09:00 &#8211; \u015eokta POCUS<br \/><strong><em>Kaniye Ayd\u0131n<\/em><\/strong><\/p><p>09:00-09:30 &#8211; S\u0131v\u0131 yan\u0131t\u0131n\u0131n ve y\u00fcklenmenin de\u011ferlendirilmesinde POCUS<br \/><strong><em>U\u011fur \u00d6zdemir<\/em><\/strong><\/p><p>09:30-10:00 &#8211; Solunum Yetmezli\u011finde POCUS<br \/><strong><em>Pervin Hanc\u0131<\/em><\/strong><\/p><p>10:30-10:45 &#8211; Weaningde POCUS<br \/><strong><em>H\u00fcseyin Ar\u0131kan<\/em><\/strong><\/p><p>10:45-11:00 &#8211; Sarkopeni de\u011ferlendirilmesinde kas ultrasonu<br \/><strong><em>Erdem Yal\u00e7\u0131nkaya<\/em><\/strong><\/p><p>11:00-11:15 &#8211; Optik sinir de\u011ferlendirilmesi<br \/><strong><em>U\u011fur \u00d6zdemir<\/em><\/strong><\/p><p><strong>Pratik uygulamalarla USG<\/strong><\/p><p>Diyafragma ultrasonu<br \/><strong><em>H\u00fcseyin Ar\u0131kan<\/em><\/strong><\/p><p>13:30-14:00 &#8211; Pratik: Diyafragma ultrasonu<\/p><p>14:00-14:30 &#8211; Diyastolik disfonksiyon de\u011ferlendirilmesi<br \/><strong><em>Kaniye Ayd\u0131n<\/em><\/strong><\/p><p><strong>Pratik: diyastolik disfonksiyon<\/strong><\/p><p>Ven\u00f6z konjesyon de\u011ferlendirilmesi<br \/><strong><em>Emre Karako\u00e7<\/em><\/strong><\/p><p><strong>Pratik: Ven\u00f6z Konjesyon<\/strong><\/p><\/div>\n                <\/div><\/div>\t\t\t\t<\/div>\n\t\t\t\t<\/div>\n\t\t\t\t\t<\/div>\n\t\t\t\t<\/div>\n\t\t<div class=\"elementor-element elementor-element-871fa86 elementor-hidden-desktop elementor-hidden-tablet elementor-hidden-mobile e-flex e-con-boxed e-con e-parent\" data-id=\"871fa86\" data-element_type=\"container\">\n\t\t\t\t\t<div class=\"e-con-inner\">\n\t\t\t\t<div class=\"elementor-element elementor-element-e1c515e elementor-widget elementor-widget-eael-creative-button\" data-id=\"e1c515e\" data-element_type=\"widget\" data-widget_type=\"eael-creative-button.default\">\n\t\t\t\t<div class=\"elementor-widget-container\">\n\t\t\t\t\t        <div class=\"eael-creative-button-wrapper\">\n\n            <a class=\"eael-creative-button eael-creative-button--default\" href=\"https:\/\/payment.brosgroup.net\/2024yogunbakim\/?plng=eng\" target=\"_blank\" data-text=\"KURSLARA KAYIT OLMAK \u0130\u00c7\u0130N TIKLAYINIZ\">\n\n\t    \n                <div class=\"creative-button-inner\">\n\n                    \n                    <span class=\"cretive-button-text\">KURSLARA KAYIT OLMAK \u0130\u00c7\u0130N TIKLAYINIZ<\/span>\n\n                                    <\/div>\n\t                        <\/a>\n        <\/div>\n\t\t\t\t<\/div>\n\t\t\t\t<\/div>\n\t\t\t\t\t<\/div>\n\t\t\t\t<\/div>\n\t\t\t\t<\/div>","protected":false},"excerpt":{"rendered":"<p>Bronkoskopi Kursu 22 Kas\u0131m 2024 \/ 08.30-17.00 \/ C1 Salonu \u00d6zlem Edibo\u011flu, Serpil \u00d6cal A\u00e7\u0131l\u0131\u015f konu\u015fmas\u0131 ve tan\u0131\u015fma: \u00d6zlem Edibo\u011flu Bronkoskopik anatomi ve i\u015flemler (mikrobiyolojik \u00f6rnek al\u0131nmas\u0131, bron\u015f lavaj\u0131, BAL, biyopsi ve f\u0131r\u00e7alama) Ezgi \u00d6zy\u0131lmaz Yo\u011fun bak\u0131mda Bronkoskopi endikasyon, kontrendikasyonlar\u0131 (elektif, acil) \u00d6zlem Edibo\u011flu Hastan\u0131n haz\u0131rlanmas\u0131 (hasta bilgilendirmesi, sedoanaljezi uygulanmas\u0131), \u0130MV ve N\u0130MV uygulanan hastada [&hellip;]<\/p>","protected":false},"author":1,"featured_media":0,"parent":0,"menu_order":0,"comment_status":"closed","ping_status":"closed","template":"","meta":{"footnotes":""},"class_list":["post-724","page","type-page","status-publish","hentry"],"blocksy_meta":[],"_links":{"self":[{"href":"https:\/\/yogunbakim2024.org\/en\/wp-json\/wp\/v2\/pages\/724","targetHints":{"allow":["GET"]}}],"collection":[{"href":"https:\/\/yogunbakim2024.org\/en\/wp-json\/wp\/v2\/pages"}],"about":[{"href":"https:\/\/yogunbakim2024.org\/en\/wp-json\/wp\/v2\/types\/page"}],"author":[{"embeddable":true,"href":"https:\/\/yogunbakim2024.org\/en\/wp-json\/wp\/v2\/users\/1"}],"replies":[{"embeddable":true,"href":"https:\/\/yogunbakim2024.org\/en\/wp-json\/wp\/v2\/comments?post=724"}],"version-history":[{"count":13,"href":"https:\/\/yogunbakim2024.org\/en\/wp-json\/wp\/v2\/pages\/724\/revisions"}],"predecessor-version":[{"id":1043,"href":"https:\/\/yogunbakim2024.org\/en\/wp-json\/wp\/v2\/pages\/724\/revisions\/1043"}],"wp:attachment":[{"href":"https:\/\/yogunbakim2024.org\/en\/wp-json\/wp\/v2\/media?parent=724"}],"curies":[{"name":"wp","href":"https:\/\/api.w.org\/{rel}","templated":true}]}}