{"id":942,"date":"2024-11-18T14:39:59","date_gmt":"2024-11-18T11:39:59","guid":{"rendered":"https:\/\/yogunbakim2024.org\/?page_id=942"},"modified":"2024-11-25T12:22:55","modified_gmt":"2024-11-25T09:22:55","slug":"sozlu-bildiriler","status":"publish","type":"page","link":"https:\/\/yogunbakim2024.org\/en\/sozlu-bildiriler\/","title":{"rendered":"Oral Presentations"},"content":{"rendered":"<div data-elementor-type=\"wp-page\" data-elementor-id=\"942\" class=\"elementor elementor-942\">\n\t\t\t\t<div class=\"elementor-element elementor-element-7e8753a e-flex e-con-boxed e-con e-parent\" data-id=\"7e8753a\" data-element_type=\"container\">\n\t\t\t\t\t<div class=\"e-con-inner\">\n\t\t\t\t<div class=\"elementor-element elementor-element-e899bcd e-n-tabs-mobile elementor-widget elementor-widget-n-tabs\" data-id=\"e899bcd\" data-element_type=\"widget\" data-settings=\"{&quot;horizontal_scroll&quot;:&quot;disable&quot;}\" data-widget_type=\"nested-tabs.default\">\n\t\t\t\t<div class=\"elementor-widget-container\">\n\t\t\t\t\t\t\t<div class=\"e-n-tabs\" data-widget-number=\"243899341\" aria-label=\"Tabs. Open items with Enter or Space, close with Escape and navigate using the Arrow keys.\">\n\t\t\t<div class=\"e-n-tabs-heading\" role=\"tablist\">\n\t\t\t\t\t<button id=\"e-n-tab-title-2438993411\" class=\"e-n-tab-title\" aria-selected=\"true\" data-tab-index=\"1\" role=\"tab\" tabindex=\"0\" aria-controls=\"e-n-tab-content-2438993411\" style=\"--n-tabs-title-order: 1;\">\n\t\t\t\t\t\t<span class=\"e-n-tab-title-text\">\n\t\t\t\t22 Kas\u0131m 2024\t\t\t<\/span>\n\t\t<\/button>\n\t\t\t\t<button id=\"e-n-tab-title-2438993412\" class=\"e-n-tab-title\" aria-selected=\"false\" data-tab-index=\"2\" role=\"tab\" tabindex=\"-1\" aria-controls=\"e-n-tab-content-2438993412\" style=\"--n-tabs-title-order: 2;\">\n\t\t\t\t\t\t<span class=\"e-n-tab-title-text\">\n\t\t\t\t23 Kas\u0131m 2024\t\t\t<\/span>\n\t\t<\/button>\n\t\t\t\t\t<\/div>\n\t\t\t<div class=\"e-n-tabs-content\">\n\t\t\t\t<div id=\"e-n-tab-content-2438993411\" role=\"tabpanel\" aria-labelledby=\"e-n-tab-title-2438993411\" data-tab-index=\"1\" style=\"--n-tabs-title-order: 1;\" class=\"e-active elementor-element elementor-element-4cb8c3b e-con-full e-flex e-con e-child\" data-id=\"4cb8c3b\" data-element_type=\"container\">\n\t\t<div class=\"elementor-element elementor-element-c1400ba e-flex e-con-boxed e-con e-child\" data-id=\"c1400ba\" data-element_type=\"container\">\n\t\t\t\t\t<div class=\"e-con-inner\">\n\t\t\t\t<div class=\"elementor-element elementor-element-8549600 elementor-widget elementor-widget-html\" data-id=\"8549600\" data-element_type=\"widget\" data-widget_type=\"html.default\">\n\t\t\t\t<div class=\"elementor-widget-container\">\n\t\t\t\t\t<div style=\"overflow: auto;\">\r\n  <table width=\"100%\" cellpadding=\"0\" cellspacing=\"0\" class=\"program1\">\r\n    <col width=\"10%\">\r\n    <col width=\"70%\">\r\n    <col width=\"20%\">\r\n\r\n    <tr>\r\n      <th colspan=\"3\">22 Kas\u0131m 2024<\/th>\r\n    <\/tr>\r\n    <tr>\r\n      <td><strong>13:30-14:30<\/strong><\/td>\r\n      <td class=\"oral\" colspan=\"2\">S\u00f6zl\u00fc Bildiri    Oturumlar\u0131-1<\/td>\r\n    <\/tr>\r\n    <tr>\r\n      <td>&nbsp;<\/td>\r\n      <td class=\"oral-alt\" colspan=\"2\">Oturum Ba\u015fkanlar\u0131: <span class=\"name\"><br>\r\n      K\u00fcr\u015fat G\u00fcndo\u011fan, Sait Karakurt<\/span><\/td>\r\n    <\/tr>\r\n    <tr>\r\n          <td width=\"94\" align=\"right\" nowrap=\"nowrap\">13:30-13:36<\/td>\r\n          <td width=\"1327\">SS-01 - Yo\u011fun Bak\u0131m    \u00c7al\u0131\u015fanlar\u0131nda &ldquo;Depresyon, Anksiyete ve Stres&rdquo; S\u0131kl\u0131\u011f\u0131<\/td>\r\n          <td width=\"139\">\u00d6mer Emgin<\/td>\r\n        <\/tr>\r\n        <tr>\r\n          <td align=\"right\">13:36-13:42<\/td>\r\n          <td>SS-02 - Yo\u011fun Bak\u0131mda Santral    Ven\u00f6z Kateter \u0130li\u015fkili Asemptomatik Tromboz S\u0131kl\u0131\u011f\u0131 ve Risk Fakt\u00f6rlerinin    \u0130ncelenmesi<\/td>\r\n          <td>Demet B\u00f6l\u00fckba\u015f\u0131<\/td>\r\n        <\/tr>\r\n        <tr>\r\n          <td align=\"right\">13:42-13:48<\/td>\r\n          <td>SS-03 - COVID-19 nedeniyle    bir \u00fcniversite hastanesi izolasyon yo\u011fun bak\u0131m \u00fcnitelerine yat\u0131r\u0131larak takip    ve tedavi edilen geriatrik hastalar\u0131n yo\u011fun bak\u0131m mortalitesine etkili    fakt\u00f6rler<\/td>\r\n          <td>Gulbin Aygencel<\/td>\r\n        <\/tr>\r\n        <tr>\r\n          <td align=\"right\">13:48-13:54<\/td>\r\n          <td>SS-04 - \u0130\u00e7 Hastal\u0131klar\u0131 Yo\u011fun    Bak\u0131m \u00dcnitesinde Serebrovask\u00fcler Hastal\u0131k Nedeniyle Yatan Hastalar\u0131n    Prospektif Olarak De\u011ferlendirilmesi: Tek Merkez Deneyimi<\/td>\r\n          <td>Bahruza Musayeva<\/td>\r\n        <\/tr>\r\n        <tr>\r\n          <td align=\"right\">13:54-14:00<\/td>\r\n          <td>SS-05 - Yo\u011fun Bak\u0131m Hasta    Yak\u0131nlar\u0131n\u0131n Deneyimi ve Gereksinimleri<\/td>\r\n          <td>Saadet Y\u0131lmaz<\/td>\r\n        <\/tr>\r\n        <tr>\r\n          <td align=\"right\">14:00-14:06<\/td>\r\n          <td>SS-06 - Epidemiological    Characteristics and Mortality of Primary Lung Cancer Patients Admitted to the    Intensive Care Unit and Undergoing Invasive Mechanical Ventilation<\/td>\r\n          <td>Hamide G\u00fcl \u00d6zdemir<\/td>\r\n        <\/tr>\r\n        <tr>\r\n          <td align=\"right\">14:06-14:12<\/td>\r\n          <td>SS-07 - 3. Basamak yo\u011fun    bak\u0131m \u00e7al\u0131\u015fanlar\u0131nda; merhamet yorgunlu\u011fu ve umutsuzluk d\u00fczeylerinin    belirlenmesi, anket \u00e7al\u0131\u015fmas\u0131<\/td>\r\n          <td>Engin Haftac\u0131<\/td>\r\n        <\/tr>\r\n        <tr>\r\n          <td align=\"right\">14:12-14:18<\/td>\r\n          <td>SS-08 - Yo\u011fun Bak\u0131m    mortalitesinde kad\u0131nlarda art\u0131\u015f e\u011filiminin devam etmesinin analizi: 8 Y\u0131ll\u0131k    Yo\u011fun Bak\u0131m Takibi<\/td>\r\n          <td>\u00d6zlem Yaz\u0131c\u0131o\u011flu    Mo\u00e7in<\/td>\r\n        <\/tr>\r\n        <tr>\r\n          <td align=\"right\">14:18-14:24<\/td>\r\n          <td>SS-09 - Kritik Hastalarda    Tigesikline Ba\u011fl\u0131 Koag\u00fclopati: Retrospektif, Tek Merkezli Bir \u00c7al\u0131\u015fma<\/td>\r\n          <td>Mehmet G\u00f6khan GOK<\/td>\r\n        <\/tr>\r\n        <tr>\r\n          <td align=\"right\">14:24-14:30<\/td>\r\n          <td>SS-10 - Bir \u00dcniversite    Hastanesinde Yo\u011fun Bak\u0131ma Kabul Edilen Terminal Hastalar\u0131n Nedenleri ve    Klinik Sonu\u00e7lar\u0131<\/td>\r\n          <td>Nefise Sena G\u00f6khan<\/td>\r\n        <\/tr>\r\n    <tr >\r\n      <td class=\"break\"> <strong>14:30-15:00<\/strong><\/td>\r\n      <td align=\"center\" class=\"break\" colspan=\"2\">KAHVE ARASI<\/td>\r\n    <\/tr>\r\n    <tr>\r\n      <td><strong>15:00-15:45<\/strong><\/td>\r\n      <td class=\"oral\" colspan=\"2\">S\u00f6zl\u00fc Bildiri    Oturumlar\u0131-2<\/td>\r\n    <\/tr>\r\n    <tr>\r\n      <td>&nbsp;<\/td>\r\n      <td class=\"oral-alt\" colspan=\"2\">Oturum Ba\u015fkanlar\u0131:<br>\r\n      <span class=\"name\">Defne Alt\u0131nta\u015f, Ezgi    \u00d6zy\u0131lmaz<\/span><\/td>\r\n    <\/tr>\r\n    <tr>\r\n          <td align=\"right\" width=\"94\">15:00-15:06<\/td>\r\n          <td width=\"1327\">SS-11 - Bir i\u00e7    hastal\u0131klar\u0131 yo\u011fun bak\u0131m \u00fcnitesinde yatarken perkutan endoskopik gastrostomi    a\u00e7\u0131lan hastalar\u0131n genel \u00f6zellikleri ve klinik sonlan\u0131mlar\u0131<\/td>\r\n          <td width=\"139\">Meltem B\u00fc\u015fra Erdemir G\u00fclcan<\/td>\r\n          <\/tr>\r\n        <tr>\r\n          <td align=\"right\">15:06-15:12<\/td>\r\n          <td>SS-12 - The Effects of    Enteral Immunonutrition on Brain and Gut Tissue in Mice with Traumatic Brain    Injury: An Experimental Study<\/td>\r\n          <td>Kursat Gundogan<\/td>\r\n          <\/tr>\r\n        <tr>\r\n          <td align=\"right\">15:12-15:18<\/td>\r\n          <td>SS-13 - The Impact of    Euthyroid Sick Syndrome in Critically Ill Patients Outcome<\/td>\r\n          <td>Rifat Furkan Aydin<\/td>\r\n          <\/tr>\r\n        <tr>\r\n          <td align=\"right\">15:18-15:24<\/td>\r\n          <td>SS-14 - COVID-19 nedeniyle    bir \u00fcniversite hastanesi izolasyon yo\u011fun bak\u0131m \u00fcnitelerine yat\u0131r\u0131larak takip    ve tedavi edilen geriatrik hastalar\u0131n n\u00fctrisyonel a\u00e7\u0131dan de\u011ferlendirilmesi<\/td>\r\n          <td>Gulbin Aygencel<\/td>\r\n          <\/tr>\r\n        <tr>\r\n          <td align=\"right\">15:24-15:30<\/td>\r\n          <td>SS-15 - Kritik hastal\u0131\u011f\u0131 olan    ya\u015fl\u0131 hastalarda triptofan ve metabolitleri ile deliryum aras\u0131ndaki olas\u0131    etkile\u015fim<\/td>\r\n          <td>Korhan Kollu<\/td>\r\n          <\/tr>\r\n        <tr>\r\n          <td align=\"right\">15:30-15:36<\/td>\r\n          <td>SS-16 - Yo\u011fun Bak\u0131m \u00dcnitesine    Yatan Kritik Hastalardaki Karaci\u011fer Fonksiyon Bozuklu\u011fu Parametrelerinin    Mortalite \u00dczerine Etkisi: Retrospektif  Tan\u0131mlay\u0131c\u0131 \u00c7al\u0131\u015fma<\/td>\r\n          <td>Esma \u00dcnal Do\u011fan<\/td>\r\n          <\/tr>\r\n        <tr>\r\n          <td align=\"right\">15:36-15:42<\/td>\r\n          <td>SS-17 - Kritik hastalarda    y\u00fcksek serum vitamin B12 d\u00fczeyi hastal\u0131k ciddiyetiyle ili\u015fkilidir<\/td>\r\n          <td>T\u00fcrkay Akba\u015f<\/td>\r\n          <\/tr>\r\n        <tr>\r\n          <td align=\"right\">15:42-15:48<\/td>\r\n          <td>SS-18 - Yo\u011fun bak\u0131m    \u00fcnitesinde yatan ya\u015fl\u0131 hastalarda k\u0131r\u0131lganl\u0131\u011f\u0131n 28 g\u00fcnl\u00fck mortalite    \u00fczerindeki etkisi<\/td>\r\n          <td>Ferhan Demirer    Aydemir<\/td>\r\n          <\/tr>\r\n        <tr>\r\n          <td align=\"right\">15:48-15:54<\/td>\r\n          <td>SS-19 - Deprem sonras\u0131 yeni    kurulan \u00fc\u00e7\u00fcnc\u00fc basamak yo\u011fun bak\u0131m \u00fcnitesinde yatan hastalarda NUTRIC skoru    ve mortalite aras\u0131ndaki ili\u015fkinin de\u011ferlendirilmesi<\/td>\r\n          <td>Ali Sar\u0131<\/td>\r\n          <\/tr>\r\n        <tr>\r\n          <td align=\"right\">15:54-16:00<\/td>\r\n          <td>SS-20 - The Influence of    Hypophosphatemia in Elderly Patients on Intensive Care Outcomes<\/td>\r\n          <td>Berkay Hasmercan<\/td>\r\n          <\/tr>\r\n    \r\n  <\/table>\r\n\r\n<\/div>\t\t\t\t<\/div>\n\t\t\t\t<\/div>\n\t\t\t\t\t<\/div>\n\t\t\t\t<\/div>\n\t\t\t\t<\/div>\n\t\t<div id=\"e-n-tab-content-2438993412\" role=\"tabpanel\" aria-labelledby=\"e-n-tab-title-2438993412\" data-tab-index=\"2\" style=\"--n-tabs-title-order: 2;\" class=\"elementor-element elementor-element-2510ad0 e-con-full e-flex e-con e-child\" data-id=\"2510ad0\" data-element_type=\"container\">\n\t\t<div class=\"elementor-element elementor-element-3bc8adf e-flex e-con-boxed e-con e-child\" data-id=\"3bc8adf\" data-element_type=\"container\">\n\t\t\t\t\t<div class=\"e-con-inner\">\n\t\t\t\t<div class=\"elementor-element elementor-element-8a82456 elementor-widget elementor-widget-html\" data-id=\"8a82456\" data-element_type=\"widget\" data-widget_type=\"html.default\">\n\t\t\t\t<div class=\"elementor-widget-container\">\n\t\t\t\t\t<div style=\"overflow: auto;\">\r\n  <table width=\"100%\" cellpadding=\"0\" cellspacing=\"0\" class=\"program1\">\r\n    <col width=\"10%\">\r\n    <col width=\"70%\">\r\n    <col width=\"20%\">\r\n\r\n    <tr>\r\n      <th colspan=\"3\">23 Kas\u0131m 2024<\/th>\r\n    <\/tr>\r\n    <tr>\r\n      <td><strong>11.30-12.30<\/strong><\/td>\r\n      <td class=\"oral\" colspan=\"2\">S\u00f6zl\u00fc Bildiri    Oturumlar\u0131-3<\/td>\r\n    <\/tr>\r\n    <tr>\r\n      <td>&nbsp;<\/td>\r\n      <td class=\"oral-alt\" colspan=\"2\">Oturum Ba\u015fkanlar\u0131: <span class=\"name\"><br>\r\n        <strong><em>Melda T\u00fcrko\u011flu,&nbsp;  G\u00fclbin Aygencel<\/em><\/strong><\/span><\/td>\r\n    <\/tr>\r\n    <tr>\r\n          <td align=\"right\" width=\"88\">11:30-11:36<\/td>\r\n          <td width=\"1327\">SS-21 - Akut koroner    sendromlu hastalarda \u00fcrik asit\/alb\u00fcmin oran\u0131n\u0131n prognostik rol\u00fc<\/td>\r\n          <td width=\"139\">Hatice Eyiol<\/td>\r\n          <\/tr>\r\n        <tr>\r\n          <td align=\"right\">11:36-11:42<\/td>\r\n          <td>SS-22 - Yo\u011fun Bak\u0131mda Akut    B\u00f6brek Hasar\u0131 Geli\u015fen Hastalarda, Kronik B\u00f6brek Hastal\u0131\u011f\u0131 Epidemiyolojisi    Form\u00fcl\u00fc, B\u00f6brek Hastal\u0131\u011f\u0131nda Diyetin Modifikasyonu Form\u00fcl\u00fc ve Kinetik    Glomer\u00fcler Filtrasyon H\u0131z\u0131 Form\u00fcl\u00fc Kullan\u0131m\u0131n\u0131n Antibiyotik Dozlar\u0131na Etkisi<\/td>\r\n          <td>Semir Aslan<\/td>\r\n          <\/tr>\r\n        <tr>\r\n          <td align=\"right\">11:42-11:48<\/td>\r\n          <td> SS-23 - Medikal Yo\u011fun Bak\u0131m    \u00dcnitesinde Takip Edilen Ya\u015fl\u0131larda Hiponatremi ve Hipernatreminin Hasta    Sonlan\u0131m\u0131na Etkisi<\/td>\r\n          <td>Elif Naz Ba\u015far\u0131r<\/td>\r\n          <\/tr>\r\n        <tr>\r\n          <td align=\"right\">11:48-11:54<\/td>\r\n          <td> SS-24 - Comparative Analysis    of Plasmapheresis Versus Plasmapheresis Combined with Continuous Renal    Replacement Therapy in Adult Liver Failure: A Retrospective Observational    Study<\/td>\r\n          <td>\u0130lhan Ocak<\/td>\r\n          <\/tr>\r\n        <tr>\r\n          <td align=\"right\">11:54-12:00<\/td>\r\n          <td> SS-25 - Perk\u00fctan Trakeostomi    \u0130\u015fleminde Ultrasonografi Kullan\u0131m\u0131n\u0131n De\u011ferlendirilmesi<\/td>\r\n          <td>\u00c7a\u011fla Erdo\u011fan<\/td>\r\n          <\/tr>\r\n        <tr>\r\n          <td align=\"right\">12:00-12:06<\/td>\r\n          <td> SS-26 - Kahramanmara\u015f    depreminde yo\u011fun bak\u0131m ihtiyac\u0131 olan hastalar\u0131n de\u011ferlendirilmesi tek merkez    deneyim; Retrospektif bir \u00e7al\u0131\u015fma<\/td>\r\n          <td>Ali \u00c7etinkaya<\/td>\r\n          <\/tr>\r\n        <tr>\r\n          <td align=\"right\">12:06-12:12<\/td>\r\n          <td> SS-27 - Akut Solunum    Yetmezli\u011fine Sebep Olan Kas G\u00fc\u00e7s\u00fczl\u00fc\u011f\u00fc<\/td>\r\n          <td>Fatma Ba\u015fda\u015f    Yald\u0131rgan<\/td>\r\n          <\/tr>\r\n        <tr>\r\n          <td align=\"right\">12:12-12:18<\/td>\r\n          <td> SS-28 - Akut B\u00f6brek Hasar\u0131    Olan Sepsis Hastalar\u0131n\u0131n Retrospektif Olarak De\u011ferlendirilmesi<\/td>\r\n          <td>Hatice Aslan Sar\u0131kaya<\/td>\r\n          <\/tr>\r\n        <tr>\r\n          <td align=\"right\">12:18-12:24<\/td>\r\n          <td> SS-29 - Gastrointestinal    Kanamalarda Prealbumin De\u011ferinin \u00d6nemi<\/td>\r\n          <td>Hatice Aslan Sar\u0131kaya<\/td>\r\n          <\/tr>\r\n        <tr>\r\n          <td align=\"right\">12:24-12:30<\/td>\r\n          <td> SS-30 - Akut Solunum    Yetmezli\u011fi Nedeniyle Yo\u011fun Bak\u0131ma Yatan Geriatrik Hastalar\u0131n Yo\u011fun Bak\u0131m    Sonu\u00e7lar\u0131na Etki Eden Fakt\u00f6rler<\/td>\r\n          <td>\u0130rem Pamuk<\/td>\r\n          <\/tr>\r\n    <tr class=\"break\">\r\n      <td nowrap=\"nowrap\"><strong>14:30-15:00<\/strong><\/td>\r\n      <td align=\"center\" colspan=\"2\">KAHVE ARASI<\/td>\r\n    <\/tr>\r\n    <tr>\r\n      <td nowrap=\"nowrap\"><strong>15:00-16:00<\/strong><\/td>\r\n      <td class=\"oral\" colspan=\"2\"> S\u00f6zl\u00fc Bildiri Oturumlar\u0131-4<\/td>\r\n    <\/tr>\r\n    <tr>\r\n      <td>&nbsp;<\/td>\r\n      <td class=\"oral-alt\" colspan=\"2\">Oturum Ba\u015fkanlar\u0131:<br>\r\n      <strong><em>Leyla Ferli\u00e7olak, Beg\u00fcm Ergan<\/em><\/strong><\/td>\r\n    <\/tr>\r\n    <tr>\r\n          <td align=\"right\" width=\"88\">15:00-15:06<\/td>\r\n          <td width=\"1327\"> SS-31 - Concordance of    CO2 Gaps Measured Using Peripheral and Central Venous Blood in Patients    Diagnosed with Septic Shock<\/td>\r\n          <td width=\"139\">Erdem    Yalcinkaya<\/td>\r\n    <\/tr>\r\n        <tr>\r\n          <td align=\"right\">15:06-15:12<\/td>\r\n          <td> SS-32 - The Retrospective    Analysis of Patients with Invasive Fungal Infection in The Intensive Care    Unit<\/td>\r\n          <td>Mustafa Alkan<\/td>\r\n    <\/tr>\r\n        <tr>\r\n          <td align=\"right\">15:12-15:18<\/td>\r\n          <td> SS-33 - Hematolojik    Maligniteli Kritik Hastalarda Hastane Kaynakl\u0131 Enfeksiyonlar: Sonu\u00e7lar ve    Mortalite ile \u0130li\u015fkili Risk Fakt\u00f6rleri<\/td>\r\n          <td>Parvana Hasanova<\/td>\r\n    <\/tr>\r\n        <tr>\r\n          <td align=\"right\">15:18-15:24<\/td>\r\n          <td> SS-34 - Yo\u011fun Bak\u0131ma Yeniden    Yat\u0131\u015flarda Morbidite ve Mortalite A\u00e7\u0131s\u0131ndan Risk Fakt\u00f6rlerinin    De\u011ferlendirilmesi<\/td>\r\n          <td>Ay\u015fe \u00c7apar<\/td>\r\n    <\/tr>\r\n        <tr>\r\n          <td align=\"right\">15:24-15:30<\/td>\r\n          <td> SS-35 - Ent\u00fcbe hastalarda    ventilat\u00f6r ili\u015fkili olay: \u00fc\u00e7\u00fcnc\u00fc basamak bir hastanede bir y\u0131ll\u0131k s\u00fcrveyans    verilerinin de\u011ferlendirilmesi<\/td>\r\n          <td>Hilal Sipahio\u011flu<\/td>\r\n    <\/tr>\r\n        <tr>\r\n          <td align=\"right\">15:30-15:36<\/td>\r\n          <td> SS-36 - Pn\u00f6moni nedeni ile    yo\u011fun bak\u0131ma kabul edilen geriatrik hastalarda y\u00fcksek ak\u0131m nazal oksijen    tedavisi<\/td>\r\n          <td>Korhan Kollu<\/td>\r\n    <\/tr>\r\n        <tr>\r\n          <td align=\"right\">15:36-15:42<\/td>\r\n          <td> SS-37 - Candida auris: Yo\u011fun    Bak\u0131mda Kar\u015f\u0131la\u015f\u0131lan Yeni Tehdit<\/td>\r\n          <td>Huseyin Arikan<\/td>\r\n    <\/tr>\r\n        <tr>\r\n          <td align=\"right\">15:42-15:48<\/td>\r\n          <td> SS-38 - Yo\u011fun Bak\u0131m    \u00dcnitesinde Pn\u00f6moni Hastalar\u0131nda N\u00fckleuslu K\u0131rm\u0131z\u0131 Kan H\u00fccresi (NRBC) d\u00fczeyi    ile mortalite aras\u0131ndaki temporal ili\u015fki<\/td>\r\n          <td>\u00d6mer Do\u011fan<\/td>\r\n    <\/tr>\r\n        <tr>\r\n          <td align=\"right\">15:48-15:54<\/td>\r\n          <td> SS-39 - Prognostic Value of    Inflammatory Markers in Septic Cirrhotic Patients Admitted to the ICU: A    Retrospective Analysis<\/td>\r\n          <td>Onur G\u00f6k\u00e7e<\/td>\r\n    <\/tr>\r\n        <tr>\r\n          <td align=\"right\">15:54-16:00<\/td>\r\n          <td> SS-40 - Prognostic Value of    Hyperlactatemia and Lactate Clearance in Medical ICU Patients with Solid    Organ Tumors<\/td>\r\n          <td>Ya\u011fmur Eken<\/td>\r\n    <\/tr>\r\n    \r\n  <\/table>\r\n\r\n<\/div>\t\t\t\t<\/div>\n\t\t\t\t<\/div>\n\t\t\t\t\t<\/div>\n\t\t\t\t<\/div>\n\t\t\t\t<\/div>\n\t\t\t\t\t<\/div>\n\t\t<\/div>\n\t\t\t\t\t\t<\/div>\n\t\t\t\t<\/div>\n\t\t\t\t\t<\/div>\n\t\t\t\t<\/div>\n\t\t\t\t<\/div>","protected":false},"excerpt":{"rendered":"<p>22 Kas\u0131m 2024 23 Kas\u0131m 2024 22 Kas\u0131m 2024 13:30-14:30 S\u00f6zl\u00fc Bildiri Oturumlar\u0131-1 &nbsp; Oturum Ba\u015fkanlar\u0131: K\u00fcr\u015fat G\u00fcndo\u011fan, Sait Karakurt 13:30-13:36 SS-01 &#8211; Yo\u011fun Bak\u0131m \u00c7al\u0131\u015fanlar\u0131nda &ldquo;Depresyon, Anksiyete ve Stres&rdquo; S\u0131kl\u0131\u011f\u0131 \u00d6mer Emgin 13:36-13:42 SS-02 &#8211; Yo\u011fun Bak\u0131mda Santral Ven\u00f6z Kateter \u0130li\u015fkili Asemptomatik Tromboz S\u0131kl\u0131\u011f\u0131 ve Risk Fakt\u00f6rlerinin \u0130ncelenmesi Demet B\u00f6l\u00fckba\u015f\u0131 13:42-13:48 SS-03 &#8211; COVID-19 [&hellip;]<\/p>","protected":false},"author":1,"featured_media":0,"parent":0,"menu_order":0,"comment_status":"closed","ping_status":"closed","template":"","meta":{"footnotes":""},"class_list":["post-942","page","type-page","status-publish","hentry"],"blocksy_meta":{"page_structure_type":"type-4","styles_descriptor":{"styles":{"desktop":"","tablet":"","mobile":""},"google_fonts":[],"version":6}},"_links":{"self":[{"href":"https:\/\/yogunbakim2024.org\/en\/wp-json\/wp\/v2\/pages\/942","targetHints":{"allow":["GET"]}}],"collection":[{"href":"https:\/\/yogunbakim2024.org\/en\/wp-json\/wp\/v2\/pages"}],"about":[{"href":"https:\/\/yogunbakim2024.org\/en\/wp-json\/wp\/v2\/types\/page"}],"author":[{"embeddable":true,"href":"https:\/\/yogunbakim2024.org\/en\/wp-json\/wp\/v2\/users\/1"}],"replies":[{"embeddable":true,"href":"https:\/\/yogunbakim2024.org\/en\/wp-json\/wp\/v2\/comments?post=942"}],"version-history":[{"count":10,"href":"https:\/\/yogunbakim2024.org\/en\/wp-json\/wp\/v2\/pages\/942\/revisions"}],"predecessor-version":[{"id":1046,"href":"https:\/\/yogunbakim2024.org\/en\/wp-json\/wp\/v2\/pages\/942\/revisions\/1046"}],"wp:attachment":[{"href":"https:\/\/yogunbakim2024.org\/en\/wp-json\/wp\/v2\/media?parent=942"}],"curies":[{"name":"wp","href":"https:\/\/api.w.org\/{rel}","templated":true}]}}